{"id":999,"date":"2024-09-04T14:22:18","date_gmt":"2024-09-04T06:22:18","guid":{"rendered":"https:\/\/www.britecelectric.com\/?post_type=product&#038;p=999"},"modified":"2025-04-08T13:49:18","modified_gmt":"2025-04-08T05:49:18","slug":"br-12-5m-2p-12-5ka-type-12-surge-protective-device-for-tns","status":"publish","type":"product","link":"https:\/\/www.britecelectric.com\/hu\/product\/br-12-5m-2p-12-5ka-type-12-surge-protective-device-for-tns\/","title":{"rendered":"BR-12.5M 2P 12.5kA t\u00edpus\u00fa 1+2 t\u00falfesz\u00fclts\u00e9g-v\u00e9d\u0151 eszk\u00f6z TNS-hez"},"content":{"rendered":"","protected":false},"parent":0,"menu_order":94,"template":"","meta":{"_acf_changed":false},"product_category":[21],"class_list":["post-999","product","type-product","status-publish","hentry","product_category-type-1-2-lightning-surge-arrester"],"acf":[],"_links":{"self":[{"href":"https:\/\/www.britecelectric.com\/hu\/wp-json\/wp\/v2\/product\/999","targetHints":{"allow":["GET"]}}],"collection":[{"href":"https:\/\/www.britecelectric.com\/hu\/wp-json\/wp\/v2\/product"}],"about":[{"href":"https:\/\/www.britecelectric.com\/hu\/wp-json\/wp\/v2\/types\/product"}],"wp:attachment":[{"href":"https:\/\/www.britecelectric.com\/hu\/wp-json\/wp\/v2\/media?parent=999"}],"wp:term":[{"taxonomy":"product_category","embeddable":true,"href":"https:\/\/www.britecelectric.com\/hu\/wp-json\/wp\/v2\/product_category?post=999"}],"curies":[{"name":"wp","href":"https:\/\/api.w.org\/{rel}","templated":true}]}}