{"id":956,"date":"2024-09-04T11:23:31","date_gmt":"2024-09-04T03:23:31","guid":{"rendered":"https:\/\/www.britecelectric.com\/?post_type=product&#038;p=956"},"modified":"2026-03-05T16:09:32","modified_gmt":"2026-03-05T08:09:32","slug":"br-50gr-1p-type-1-50ka-surge-arrester","status":"publish","type":"product","link":"https:\/\/www.britecelectric.com\/hu\/product\/br-50gr-1p-type-1-50ka-surge-arrester\/","title":{"rendered":"BR-50GR 1P 1. t\u00edpus\u00fa 50 kA t\u00falfesz\u00fclts\u00e9g-levezet\u0151"},"content":{"rendered":"","protected":false},"parent":0,"menu_order":83,"template":"","meta":{"_acf_changed":false},"product_category":[20],"class_list":["post-956","product","type-product","status-publish","hentry","product_category-type-1-lightning-surge-protection-device"],"acf":[],"_links":{"self":[{"href":"https:\/\/www.britecelectric.com\/hu\/wp-json\/wp\/v2\/product\/956","targetHints":{"allow":["GET"]}}],"collection":[{"href":"https:\/\/www.britecelectric.com\/hu\/wp-json\/wp\/v2\/product"}],"about":[{"href":"https:\/\/www.britecelectric.com\/hu\/wp-json\/wp\/v2\/types\/product"}],"wp:attachment":[{"href":"https:\/\/www.britecelectric.com\/hu\/wp-json\/wp\/v2\/media?parent=956"}],"wp:term":[{"taxonomy":"product_category","embeddable":true,"href":"https:\/\/www.britecelectric.com\/hu\/wp-json\/wp\/v2\/product_category?post=956"}],"curies":[{"name":"wp","href":"https:\/\/api.w.org\/{rel}","templated":true}]}}