{"id":950,"date":"2024-09-04T11:19:24","date_gmt":"2024-09-04T03:19:24","guid":{"rendered":"https:\/\/www.britecelectric.com\/?post_type=product&#038;p=950"},"modified":"2026-03-05T15:51:29","modified_gmt":"2026-03-05T07:51:29","slug":"br-50gr-3p-type-1-50ka-surge-arrester-for-tn-c","status":"publish","type":"product","link":"https:\/\/www.britecelectric.com\/hu\/product\/br-50gr-3p-type-1-50ka-surge-arrester-for-tn-c\/","title":{"rendered":"BR-50GR 3P 1. t\u00edpus\u00fa 50 kA t\u00falfesz\u00fclts\u00e9g-levezet\u0151 TN-C-hez"},"content":{"rendered":"","protected":false},"parent":0,"menu_order":81,"template":"","meta":{"_acf_changed":false},"product_category":[20],"class_list":["post-950","product","type-product","status-publish","hentry","product_category-type-1-lightning-surge-protection-device"],"acf":[],"_links":{"self":[{"href":"https:\/\/www.britecelectric.com\/hu\/wp-json\/wp\/v2\/product\/950","targetHints":{"allow":["GET"]}}],"collection":[{"href":"https:\/\/www.britecelectric.com\/hu\/wp-json\/wp\/v2\/product"}],"about":[{"href":"https:\/\/www.britecelectric.com\/hu\/wp-json\/wp\/v2\/types\/product"}],"wp:attachment":[{"href":"https:\/\/www.britecelectric.com\/hu\/wp-json\/wp\/v2\/media?parent=950"}],"wp:term":[{"taxonomy":"product_category","embeddable":true,"href":"https:\/\/www.britecelectric.com\/hu\/wp-json\/wp\/v2\/product_category?post=950"}],"curies":[{"name":"wp","href":"https:\/\/api.w.org\/{rel}","templated":true}]}}