{"id":920,"date":"2024-09-04T10:57:01","date_gmt":"2024-09-04T02:57:01","guid":{"rendered":"https:\/\/www.britecelectric.com\/?post_type=product&#038;p=920"},"modified":"2026-04-07T13:38:19","modified_gmt":"2026-04-07T05:38:19","slug":"br-25m-31-type-1-25ka-surge-arrester-for-tt-and-tns","status":"publish","type":"product","link":"https:\/\/www.britecelectric.com\/hu\/product\/br-25m-31-type-1-25ka-surge-arrester-for-tt-and-tns\/","title":{"rendered":"BR-25M 3+1 1. t\u00edpus\u00fa 25 kA t\u00falfesz\u00fclts\u00e9g-levezet\u0151 TT \u00e9s TNS sz\u00e1m\u00e1ra"},"content":{"rendered":"","protected":false},"parent":0,"menu_order":72,"template":"","meta":{"_acf_changed":false},"product_category":[20],"class_list":["post-920","product","type-product","status-publish","hentry","product_category-type-1-lightning-surge-protection-device"],"acf":[],"_links":{"self":[{"href":"https:\/\/www.britecelectric.com\/hu\/wp-json\/wp\/v2\/product\/920","targetHints":{"allow":["GET"]}}],"collection":[{"href":"https:\/\/www.britecelectric.com\/hu\/wp-json\/wp\/v2\/product"}],"about":[{"href":"https:\/\/www.britecelectric.com\/hu\/wp-json\/wp\/v2\/types\/product"}],"wp:attachment":[{"href":"https:\/\/www.britecelectric.com\/hu\/wp-json\/wp\/v2\/media?parent=920"}],"wp:term":[{"taxonomy":"product_category","embeddable":true,"href":"https:\/\/www.britecelectric.com\/hu\/wp-json\/wp\/v2\/product_category?post=920"}],"curies":[{"name":"wp","href":"https:\/\/api.w.org\/{rel}","templated":true}]}}