{"id":909,"date":"2024-09-04T10:38:21","date_gmt":"2024-09-04T02:38:21","guid":{"rendered":"https:\/\/www.britecelectric.com\/?post_type=product&#038;p=909"},"modified":"2025-04-08T13:17:11","modified_gmt":"2025-04-08T05:17:11","slug":"br-25m-3p-type-1-25ka-surge-arrester-for-tn-c","status":"publish","type":"product","link":"https:\/\/www.britecelectric.com\/hu\/product\/br-25m-3p-type-1-25ka-surge-arrester-for-tn-c\/","title":{"rendered":"BR-25M 3P 1. t\u00edpus\u00fa 25 kA t\u00falfesz\u00fclts\u00e9g-levezet\u0151 TN-C-hez"},"content":{"rendered":"","protected":false},"parent":0,"menu_order":2,"template":"","meta":{"_acf_changed":false},"product_category":[20],"class_list":["post-909","product","type-product","status-publish","hentry","product_category-type-1-lightning-surge-protection-device"],"acf":[],"_links":{"self":[{"href":"https:\/\/www.britecelectric.com\/hu\/wp-json\/wp\/v2\/product\/909","targetHints":{"allow":["GET"]}}],"collection":[{"href":"https:\/\/www.britecelectric.com\/hu\/wp-json\/wp\/v2\/product"}],"about":[{"href":"https:\/\/www.britecelectric.com\/hu\/wp-json\/wp\/v2\/types\/product"}],"wp:attachment":[{"href":"https:\/\/www.britecelectric.com\/hu\/wp-json\/wp\/v2\/media?parent=909"}],"wp:term":[{"taxonomy":"product_category","embeddable":true,"href":"https:\/\/www.britecelectric.com\/hu\/wp-json\/wp\/v2\/product_category?post=909"}],"curies":[{"name":"wp","href":"https:\/\/api.w.org\/{rel}","templated":true}]}}