{"id":1395,"date":"2024-09-05T14:24:41","date_gmt":"2024-09-05T06:24:41","guid":{"rendered":"https:\/\/www.britecelectric.com\/?post_type=product&#038;p=1395"},"modified":"2025-01-06T13:28:44","modified_gmt":"2025-01-06T05:28:44","slug":"brcb-15-30-40-tp-type-2-surge-protection-device-combined-with-mini-circuit-breaker","status":"publish","type":"product","link":"https:\/\/www.britecelectric.com\/hu\/product\/brcb-15-30-40-tp-type-2-surge-protection-device-combined-with-mini-circuit-breaker\/","title":{"rendered":"BRCB-15\/30\/40 TP 2. t\u00edpus\u00fa t\u00falfesz\u00fclts\u00e9g-v\u00e9delmi eszk\u00f6z mini megszak\u00edt\u00f3val kombin\u00e1lva"},"content":{"rendered":"","protected":false},"parent":0,"menu_order":5,"template":"","meta":{"_acf_changed":false},"product_category":[19],"class_list":["post-1395","product","type-product","status-publish","hentry","product_category-others"],"acf":[],"_links":{"self":[{"href":"https:\/\/www.britecelectric.com\/hu\/wp-json\/wp\/v2\/product\/1395","targetHints":{"allow":["GET"]}}],"collection":[{"href":"https:\/\/www.britecelectric.com\/hu\/wp-json\/wp\/v2\/product"}],"about":[{"href":"https:\/\/www.britecelectric.com\/hu\/wp-json\/wp\/v2\/types\/product"}],"wp:attachment":[{"href":"https:\/\/www.britecelectric.com\/hu\/wp-json\/wp\/v2\/media?parent=1395"}],"wp:term":[{"taxonomy":"product_category","embeddable":true,"href":"https:\/\/www.britecelectric.com\/hu\/wp-json\/wp\/v2\/product_category?post=1395"}],"curies":[{"name":"wp","href":"https:\/\/api.w.org\/{rel}","templated":true}]}}