{"id":1353,"date":"2024-09-05T14:01:08","date_gmt":"2024-09-05T06:01:08","guid":{"rendered":"https:\/\/www.britecelectric.com\/?post_type=product&#038;p=1353"},"modified":"2025-05-06T16:38:26","modified_gmt":"2025-05-06T08:38:26","slug":"br-cctv-21m-cctv-lightning-arrester","status":"publish","type":"product","link":"https:\/\/www.britecelectric.com\/hu\/product\/br-cctv-21m-cctv-lightning-arrester\/","title":{"rendered":"BR-CCTV-21M CCTV vill\u00e1mh\u00e1r\u00edt\u00f3"},"content":{"rendered":"","protected":false},"parent":0,"menu_order":30,"template":"","meta":{"_acf_changed":false},"product_category":[31],"class_list":["post-1353","product","type-product","status-publish","hentry","product_category-cctv-surge-protective-device"],"acf":[],"_links":{"self":[{"href":"https:\/\/www.britecelectric.com\/hu\/wp-json\/wp\/v2\/product\/1353","targetHints":{"allow":["GET"]}}],"collection":[{"href":"https:\/\/www.britecelectric.com\/hu\/wp-json\/wp\/v2\/product"}],"about":[{"href":"https:\/\/www.britecelectric.com\/hu\/wp-json\/wp\/v2\/types\/product"}],"wp:attachment":[{"href":"https:\/\/www.britecelectric.com\/hu\/wp-json\/wp\/v2\/media?parent=1353"}],"wp:term":[{"taxonomy":"product_category","embeddable":true,"href":"https:\/\/www.britecelectric.com\/hu\/wp-json\/wp\/v2\/product_category?post=1353"}],"curies":[{"name":"wp","href":"https:\/\/api.w.org\/{rel}","templated":true}]}}