{"id":1341,"date":"2024-09-05T13:53:25","date_gmt":"2024-09-05T05:53:25","guid":{"rendered":"https:\/\/www.britecelectric.com\/?post_type=product&#038;p=1341"},"modified":"2025-04-25T11:17:27","modified_gmt":"2025-04-25T03:17:27","slug":"br-bnc-coxial-surge-protector","status":"publish","type":"product","link":"https:\/\/www.britecelectric.com\/hu\/product\/br-bnc-coxial-surge-protector\/","title":{"rendered":"BR-BNC koaxi\u00e1lis t\u00falfesz\u00fclts\u00e9gv\u00e9d\u0151"},"content":{"rendered":"","protected":false},"parent":0,"menu_order":40,"template":"","meta":{"_acf_changed":false},"product_category":[32],"class_list":["post-1341","product","type-product","status-publish","hentry","product_category-coaxial-surge-protection-device"],"acf":[],"_links":{"self":[{"href":"https:\/\/www.britecelectric.com\/hu\/wp-json\/wp\/v2\/product\/1341","targetHints":{"allow":["GET"]}}],"collection":[{"href":"https:\/\/www.britecelectric.com\/hu\/wp-json\/wp\/v2\/product"}],"about":[{"href":"https:\/\/www.britecelectric.com\/hu\/wp-json\/wp\/v2\/types\/product"}],"wp:attachment":[{"href":"https:\/\/www.britecelectric.com\/hu\/wp-json\/wp\/v2\/media?parent=1341"}],"wp:term":[{"taxonomy":"product_category","embeddable":true,"href":"https:\/\/www.britecelectric.com\/hu\/wp-json\/wp\/v2\/product_category?post=1341"}],"curies":[{"name":"wp","href":"https:\/\/api.w.org\/{rel}","templated":true}]}}