{"id":1332,"date":"2024-09-05T12:02:30","date_gmt":"2024-09-05T04:02:30","guid":{"rendered":"https:\/\/www.britecelectric.com\/?post_type=product&#038;p=1332"},"modified":"2025-09-03T14:20:46","modified_gmt":"2025-09-03T06:20:46","slug":"brrj45l-4l-rj45-4-line-surge-protector","status":"publish","type":"product","link":"https:\/\/www.britecelectric.com\/hu\/product\/brrj45l-4l-rj45-4-line-surge-protector\/","title":{"rendered":"BRRJ45L-4L RJ45 4 soros t\u00falfesz\u00fclts\u00e9gv\u00e9d\u0151"},"content":{"rendered":"","protected":false},"parent":0,"menu_order":23,"template":"","meta":{"_acf_changed":false},"product_category":[30],"class_list":["post-1332","product","type-product","status-publish","hentry","product_category-ethernet-surge-protection-devices"],"acf":[],"_links":{"self":[{"href":"https:\/\/www.britecelectric.com\/hu\/wp-json\/wp\/v2\/product\/1332","targetHints":{"allow":["GET"]}}],"collection":[{"href":"https:\/\/www.britecelectric.com\/hu\/wp-json\/wp\/v2\/product"}],"about":[{"href":"https:\/\/www.britecelectric.com\/hu\/wp-json\/wp\/v2\/types\/product"}],"wp:attachment":[{"href":"https:\/\/www.britecelectric.com\/hu\/wp-json\/wp\/v2\/media?parent=1332"}],"wp:term":[{"taxonomy":"product_category","embeddable":true,"href":"https:\/\/www.britecelectric.com\/hu\/wp-json\/wp\/v2\/product_category?post=1332"}],"curies":[{"name":"wp","href":"https:\/\/api.w.org\/{rel}","templated":true}]}}