{"id":1306,"date":"2024-09-05T11:45:35","date_gmt":"2024-09-05T03:45:35","guid":{"rendered":"https:\/\/www.britecelectric.com\/?post_type=product&#038;p=1306"},"modified":"2024-12-26T15:52:46","modified_gmt":"2024-12-26T07:52:46","slug":"brrl-p-20ka-10kv-surge-protective-devices-for-led-street-lighting","status":"publish","type":"product","link":"https:\/\/www.britecelectric.com\/hu\/product\/brrl-p-20ka-10kv-surge-protective-devices-for-led-street-lighting\/","title":{"rendered":"BRRL-P 20kA 10kV t\u00falfesz\u00fclts\u00e9g-v\u00e9d\u0151 k\u00e9sz\u00fcl\u00e9kek LED-es utcai vil\u00e1g\u00edt\u00e1shoz"},"content":{"rendered":"","protected":false},"parent":0,"menu_order":51,"template":"","meta":{"_acf_changed":false},"product_category":[28],"class_list":["post-1306","product","type-product","status-publish","hentry","product_category-20ka-led-surge-protector"],"acf":[],"_links":{"self":[{"href":"https:\/\/www.britecelectric.com\/hu\/wp-json\/wp\/v2\/product\/1306","targetHints":{"allow":["GET"]}}],"collection":[{"href":"https:\/\/www.britecelectric.com\/hu\/wp-json\/wp\/v2\/product"}],"about":[{"href":"https:\/\/www.britecelectric.com\/hu\/wp-json\/wp\/v2\/types\/product"}],"wp:attachment":[{"href":"https:\/\/www.britecelectric.com\/hu\/wp-json\/wp\/v2\/media?parent=1306"}],"wp:term":[{"taxonomy":"product_category","embeddable":true,"href":"https:\/\/www.britecelectric.com\/hu\/wp-json\/wp\/v2\/product_category?post=1306"}],"curies":[{"name":"wp","href":"https:\/\/api.w.org\/{rel}","templated":true}]}}