{"id":1279,"date":"2024-09-05T11:22:22","date_gmt":"2024-09-05T03:22:22","guid":{"rendered":"https:\/\/www.britecelectric.com\/?post_type=product&#038;p=1279"},"modified":"2024-12-26T15:09:36","modified_gmt":"2024-12-26T07:09:36","slug":"br275-6-l-6ka-6kv-led-surge-arrester","status":"publish","type":"product","link":"https:\/\/www.britecelectric.com\/hu\/product\/br275-6-l-6ka-6kv-led-surge-arrester\/","title":{"rendered":"BR275-6 6KA 6kV LED t\u00falfesz\u00fclts\u00e9g-levezet\u0151"},"content":{"rendered":"","protected":false},"parent":0,"menu_order":43,"template":"","meta":{"_acf_changed":false},"product_category":[26],"class_list":["post-1279","product","type-product","status-publish","hentry","product_category-6ka-led-surge-protector"],"acf":[],"_links":{"self":[{"href":"https:\/\/www.britecelectric.com\/hu\/wp-json\/wp\/v2\/product\/1279","targetHints":{"allow":["GET"]}}],"collection":[{"href":"https:\/\/www.britecelectric.com\/hu\/wp-json\/wp\/v2\/product"}],"about":[{"href":"https:\/\/www.britecelectric.com\/hu\/wp-json\/wp\/v2\/types\/product"}],"wp:attachment":[{"href":"https:\/\/www.britecelectric.com\/hu\/wp-json\/wp\/v2\/media?parent=1279"}],"wp:term":[{"taxonomy":"product_category","embeddable":true,"href":"https:\/\/www.britecelectric.com\/hu\/wp-json\/wp\/v2\/product_category?post=1279"}],"curies":[{"name":"wp","href":"https:\/\/api.w.org\/{rel}","templated":true}]}}