{"id":1218,"date":"2024-09-05T10:03:54","date_gmt":"2024-09-05T02:03:54","guid":{"rendered":"https:\/\/www.britecelectric.com\/?post_type=product&#038;p=1218"},"modified":"2025-07-21T16:15:37","modified_gmt":"2025-07-21T08:15:37","slug":"brpv3-1000-20-1000v-20ka-t12-pv-surge-arrester","status":"publish","type":"product","link":"https:\/\/www.britecelectric.com\/hu\/product\/brpv3-1000-20-1000v-20ka-t12-pv-surge-arrester\/","title":{"rendered":"BRPV3-1000-20 1000V 20kA T1+2 PV t\u00falfesz\u00fclts\u00e9g-levezet\u0151"},"content":{"rendered":"","protected":false},"parent":0,"menu_order":52,"template":"","meta":{"_acf_changed":false},"product_category":[24],"class_list":["post-1218","product","type-product","status-publish","hentry","product_category-pv-surge-protection-type-1-type-2"],"acf":[],"_links":{"self":[{"href":"https:\/\/www.britecelectric.com\/hu\/wp-json\/wp\/v2\/product\/1218","targetHints":{"allow":["GET"]}}],"collection":[{"href":"https:\/\/www.britecelectric.com\/hu\/wp-json\/wp\/v2\/product"}],"about":[{"href":"https:\/\/www.britecelectric.com\/hu\/wp-json\/wp\/v2\/types\/product"}],"wp:attachment":[{"href":"https:\/\/www.britecelectric.com\/hu\/wp-json\/wp\/v2\/media?parent=1218"}],"wp:term":[{"taxonomy":"product_category","embeddable":true,"href":"https:\/\/www.britecelectric.com\/hu\/wp-json\/wp\/v2\/product_category?post=1218"}],"curies":[{"name":"wp","href":"https:\/\/api.w.org\/{rel}","templated":true}]}}