{"id":1212,"date":"2024-09-05T09:57:56","date_gmt":"2024-09-05T01:57:56","guid":{"rendered":"https:\/\/www.britecelectric.com\/?post_type=product&#038;p=1212"},"modified":"2024-12-26T14:49:04","modified_gmt":"2024-12-26T06:49:04","slug":"br-20dp-2p-20ka-type-3-surge-protector","status":"publish","type":"product","link":"https:\/\/www.britecelectric.com\/hu\/product\/br-20dp-2p-20ka-type-3-surge-protector\/","title":{"rendered":"BR-20DP 2P 20kA 3-as t\u00edpus\u00fa t\u00falfesz\u00fclts\u00e9gv\u00e9d\u0151"},"content":{"rendered":"","protected":false},"parent":0,"menu_order":157,"template":"","meta":{"_acf_changed":false},"product_category":[23],"class_list":["post-1212","product","type-product","status-publish","hentry","product_category-type-3-surge-protector"],"acf":[],"_links":{"self":[{"href":"https:\/\/www.britecelectric.com\/hu\/wp-json\/wp\/v2\/product\/1212","targetHints":{"allow":["GET"]}}],"collection":[{"href":"https:\/\/www.britecelectric.com\/hu\/wp-json\/wp\/v2\/product"}],"about":[{"href":"https:\/\/www.britecelectric.com\/hu\/wp-json\/wp\/v2\/types\/product"}],"wp:attachment":[{"href":"https:\/\/www.britecelectric.com\/hu\/wp-json\/wp\/v2\/media?parent=1212"}],"wp:term":[{"taxonomy":"product_category","embeddable":true,"href":"https:\/\/www.britecelectric.com\/hu\/wp-json\/wp\/v2\/product_category?post=1212"}],"curies":[{"name":"wp","href":"https:\/\/api.w.org\/{rel}","templated":true}]}}