{"id":1184,"date":"2024-09-04T22:49:36","date_gmt":"2024-09-04T14:49:36","guid":{"rendered":"https:\/\/www.britecelectric.com\/?post_type=product&#038;p=1184"},"modified":"2025-01-03T16:18:14","modified_gmt":"2025-01-03T08:18:14","slug":"br-200-2p-type-2-200ka-surge-protective-device","status":"publish","type":"product","link":"https:\/\/www.britecelectric.com\/hu\/product\/br-200-2p-type-2-200ka-surge-protective-device\/","title":{"rendered":"BR-200 2P 2. t\u00edpus\u00fa 200 kA t\u00falfesz\u00fclts\u00e9g-v\u00e9d\u0151 eszk\u00f6z"},"content":{"rendered":"","protected":false},"parent":0,"menu_order":152,"template":"","meta":{"_acf_changed":false},"product_category":[22],"class_list":["post-1184","product","type-product","status-publish","hentry","product_category-type-2-surge-protective-device"],"acf":[],"_links":{"self":[{"href":"https:\/\/www.britecelectric.com\/hu\/wp-json\/wp\/v2\/product\/1184","targetHints":{"allow":["GET"]}}],"collection":[{"href":"https:\/\/www.britecelectric.com\/hu\/wp-json\/wp\/v2\/product"}],"about":[{"href":"https:\/\/www.britecelectric.com\/hu\/wp-json\/wp\/v2\/types\/product"}],"wp:attachment":[{"href":"https:\/\/www.britecelectric.com\/hu\/wp-json\/wp\/v2\/media?parent=1184"}],"wp:term":[{"taxonomy":"product_category","embeddable":true,"href":"https:\/\/www.britecelectric.com\/hu\/wp-json\/wp\/v2\/product_category?post=1184"}],"curies":[{"name":"wp","href":"https:\/\/api.w.org\/{rel}","templated":true}]}}