{"id":1161,"date":"2024-09-04T22:36:25","date_gmt":"2024-09-04T14:36:25","guid":{"rendered":"https:\/\/www.britecelectric.com\/?post_type=product&#038;p=1161"},"modified":"2024-12-25T15:25:32","modified_gmt":"2024-12-25T07:25:32","slug":"br-110-3p-type-2-110ka-surge-protective-device-for-tn-c","status":"publish","type":"product","link":"https:\/\/www.britecelectric.com\/hu\/product\/br-110-3p-type-2-110ka-surge-protective-device-for-tn-c\/","title":{"rendered":"BR-110 3P 2. t\u00edpus\u00fa 110 kA t\u00falfesz\u00fclts\u00e9g-v\u00e9d\u0151 eszk\u00f6z TN-C-hez"},"content":{"rendered":"","protected":false},"parent":0,"menu_order":145,"template":"","meta":{"_acf_changed":false},"product_category":[22],"class_list":["post-1161","product","type-product","status-publish","hentry","product_category-type-2-surge-protective-device"],"acf":[],"_links":{"self":[{"href":"https:\/\/www.britecelectric.com\/hu\/wp-json\/wp\/v2\/product\/1161","targetHints":{"allow":["GET"]}}],"collection":[{"href":"https:\/\/www.britecelectric.com\/hu\/wp-json\/wp\/v2\/product"}],"about":[{"href":"https:\/\/www.britecelectric.com\/hu\/wp-json\/wp\/v2\/types\/product"}],"wp:attachment":[{"href":"https:\/\/www.britecelectric.com\/hu\/wp-json\/wp\/v2\/media?parent=1161"}],"wp:term":[{"taxonomy":"product_category","embeddable":true,"href":"https:\/\/www.britecelectric.com\/hu\/wp-json\/wp\/v2\/product_category?post=1161"}],"curies":[{"name":"wp","href":"https:\/\/api.w.org\/{rel}","templated":true}]}}