{"id":1152,"date":"2024-09-04T22:31:40","date_gmt":"2024-09-04T14:31:40","guid":{"rendered":"https:\/\/www.britecelectric.com\/?post_type=product&#038;p=1152"},"modified":"2024-12-24T15:13:35","modified_gmt":"2024-12-24T07:13:35","slug":"br-80-31-type-2-80ka-surge-protective-device-for-tt-and-tns","status":"publish","type":"product","link":"https:\/\/www.britecelectric.com\/hu\/product\/br-80-31-type-2-80ka-surge-protective-device-for-tt-and-tns\/","title":{"rendered":"BR-80 3+1 2. t\u00edpus\u00fa 80 kA t\u00falfesz\u00fclts\u00e9g-v\u00e9d\u0151 eszk\u00f6z TT \u00e9s TNS sz\u00e1m\u00e1ra"},"content":{"rendered":"","protected":false},"parent":0,"menu_order":142,"template":"","meta":{"_acf_changed":false},"product_category":[22],"class_list":["post-1152","product","type-product","status-publish","hentry","product_category-type-2-surge-protective-device"],"acf":[],"_links":{"self":[{"href":"https:\/\/www.britecelectric.com\/hu\/wp-json\/wp\/v2\/product\/1152","targetHints":{"allow":["GET"]}}],"collection":[{"href":"https:\/\/www.britecelectric.com\/hu\/wp-json\/wp\/v2\/product"}],"about":[{"href":"https:\/\/www.britecelectric.com\/hu\/wp-json\/wp\/v2\/types\/product"}],"wp:attachment":[{"href":"https:\/\/www.britecelectric.com\/hu\/wp-json\/wp\/v2\/media?parent=1152"}],"wp:term":[{"taxonomy":"product_category","embeddable":true,"href":"https:\/\/www.britecelectric.com\/hu\/wp-json\/wp\/v2\/product_category?post=1152"}],"curies":[{"name":"wp","href":"https:\/\/api.w.org\/{rel}","templated":true}]}}