{"id":1071,"date":"2024-09-04T21:10:42","date_gmt":"2024-09-04T13:10:42","guid":{"rendered":"https:\/\/www.britecelectric.com\/?post_type=product&#038;p=1071"},"modified":"2024-12-25T15:07:51","modified_gmt":"2024-12-25T07:07:51","slug":"br-40-4p-type-2-40ka-690v-1000v-ac-surge-protector","status":"publish","type":"product","link":"https:\/\/www.britecelectric.com\/hu\/product\/br-40-4p-type-2-40ka-690v-1000v-ac-surge-protector\/","title":{"rendered":"BR-40 4P Type 2 40kA 690V 800V 1000V AC t\u00falfesz\u00fclts\u00e9gv\u00e9d\u0151"},"content":{"rendered":"","protected":false},"parent":0,"menu_order":118,"template":"","meta":{"_acf_changed":false},"product_category":[22],"class_list":["post-1071","product","type-product","status-publish","hentry","product_category-type-2-surge-protective-device"],"acf":[],"_links":{"self":[{"href":"https:\/\/www.britecelectric.com\/hu\/wp-json\/wp\/v2\/product\/1071","targetHints":{"allow":["GET"]}}],"collection":[{"href":"https:\/\/www.britecelectric.com\/hu\/wp-json\/wp\/v2\/product"}],"about":[{"href":"https:\/\/www.britecelectric.com\/hu\/wp-json\/wp\/v2\/types\/product"}],"wp:attachment":[{"href":"https:\/\/www.britecelectric.com\/hu\/wp-json\/wp\/v2\/media?parent=1071"}],"wp:term":[{"taxonomy":"product_category","embeddable":true,"href":"https:\/\/www.britecelectric.com\/hu\/wp-json\/wp\/v2\/product_category?post=1071"}],"curies":[{"name":"wp","href":"https:\/\/api.w.org\/{rel}","templated":true}]}}