{"id":1023,"date":"2024-09-04T20:16:01","date_gmt":"2024-09-04T12:16:01","guid":{"rendered":"https:\/\/www.britecelectric.com\/?post_type=product&#038;p=1023"},"modified":"2026-04-07T13:53:09","modified_gmt":"2026-04-07T05:53:09","slug":"br-7m-31-7ka-type-12-bc-surge-protective-device-for-tt-and-tns","status":"publish","type":"product","link":"https:\/\/www.britecelectric.com\/hu\/product\/br-7m-31-7ka-type-12-bc-surge-protective-device-for-tt-and-tns\/","title":{"rendered":"BR-7M 3+1 7kA t\u00edpus\u00fa 1+2 \/ B+C t\u00falfesz\u00fclts\u00e9g-v\u00e9d\u0151 eszk\u00f6z TT \u00e9s TNS sz\u00e1m\u00e1ra"},"content":{"rendered":"","protected":false},"parent":0,"menu_order":102,"template":"","meta":{"_acf_changed":false},"product_category":[21],"class_list":["post-1023","product","type-product","status-publish","hentry","product_category-type-1-2-lightning-surge-arrester"],"acf":[],"_links":{"self":[{"href":"https:\/\/www.britecelectric.com\/hu\/wp-json\/wp\/v2\/product\/1023","targetHints":{"allow":["GET"]}}],"collection":[{"href":"https:\/\/www.britecelectric.com\/hu\/wp-json\/wp\/v2\/product"}],"about":[{"href":"https:\/\/www.britecelectric.com\/hu\/wp-json\/wp\/v2\/types\/product"}],"wp:attachment":[{"href":"https:\/\/www.britecelectric.com\/hu\/wp-json\/wp\/v2\/media?parent=1023"}],"wp:term":[{"taxonomy":"product_category","embeddable":true,"href":"https:\/\/www.britecelectric.com\/hu\/wp-json\/wp\/v2\/product_category?post=1023"}],"curies":[{"name":"wp","href":"https:\/\/api.w.org\/{rel}","templated":true}]}}