{"id":2095,"date":"2025-05-21T16:17:22","date_gmt":"2025-05-21T08:17:22","guid":{"rendered":"https:\/\/www.britecelectric.com\/?post_type=product&#038;p=2095"},"modified":"2025-05-21T16:21:30","modified_gmt":"2025-05-21T08:21:30","slug":"br-isg-100-isolating-spark-gap","status":"publish","type":"product","link":"https:\/\/www.britecelectric.com\/fi\/product\/br-isg-100-isolating-spark-gap\/","title":{"rendered":"BR-ISG-100 erist\u00e4v\u00e4 kipin\u00e4v\u00e4li"},"content":{"rendered":"","protected":false},"parent":0,"menu_order":16,"template":"","meta":{"_acf_changed":false},"product_category":[19],"class_list":["post-2095","product","type-product","status-publish","hentry","product_category-others"],"acf":[],"_links":{"self":[{"href":"https:\/\/www.britecelectric.com\/fi\/wp-json\/wp\/v2\/product\/2095","targetHints":{"allow":["GET"]}}],"collection":[{"href":"https:\/\/www.britecelectric.com\/fi\/wp-json\/wp\/v2\/product"}],"about":[{"href":"https:\/\/www.britecelectric.com\/fi\/wp-json\/wp\/v2\/types\/product"}],"wp:attachment":[{"href":"https:\/\/www.britecelectric.com\/fi\/wp-json\/wp\/v2\/media?parent=2095"}],"wp:term":[{"taxonomy":"product_category","embeddable":true,"href":"https:\/\/www.britecelectric.com\/fi\/wp-json\/wp\/v2\/product_category?post=2095"}],"curies":[{"name":"wp","href":"https:\/\/api.w.org\/{rel}","templated":true}]}}