{"id":1842,"date":"2024-12-30T15:59:08","date_gmt":"2024-12-30T07:59:08","guid":{"rendered":"https:\/\/www.britecelectric.com\/?post_type=product&#038;p=1842"},"modified":"2025-07-21T16:25:33","modified_gmt":"2025-07-21T08:25:33","slug":"brpv2-600-6-25-type-12-surge-protection-device-for-pv-upto-600v-2-mod","status":"publish","type":"product","link":"https:\/\/www.britecelectric.com\/de\/product\/brpv2-600-6-25-type-12-surge-protection-device-for-pv-upto-600v-2-mod\/","title":{"rendered":"BRPV2-600-6.25 \u00dcberspannungsschutzger\u00e4t Typ 1+2 f\u00fcr PV bis 600 V, 2 Mod"},"content":{"rendered":"","protected":false},"parent":0,"menu_order":61,"template":"","meta":{"_acf_changed":false},"product_category":[24],"class_list":["post-1842","product","type-product","status-publish","hentry","product_category-pv-surge-protection-type-1-type-2"],"acf":[],"_links":{"self":[{"href":"https:\/\/www.britecelectric.com\/de\/wp-json\/wp\/v2\/product\/1842","targetHints":{"allow":["GET"]}}],"collection":[{"href":"https:\/\/www.britecelectric.com\/de\/wp-json\/wp\/v2\/product"}],"about":[{"href":"https:\/\/www.britecelectric.com\/de\/wp-json\/wp\/v2\/types\/product"}],"wp:attachment":[{"href":"https:\/\/www.britecelectric.com\/de\/wp-json\/wp\/v2\/media?parent=1842"}],"wp:term":[{"taxonomy":"product_category","embeddable":true,"href":"https:\/\/www.britecelectric.com\/de\/wp-json\/wp\/v2\/product_category?post=1842"}],"curies":[{"name":"wp","href":"https:\/\/api.w.org\/{rel}","templated":true}]}}