{"id":1254,"date":"2024-09-05T10:42:17","date_gmt":"2024-09-05T02:42:17","guid":{"rendered":"https:\/\/www.britecelectric.com\/?post_type=product&#038;p=1254"},"modified":"2024-12-26T16:49:24","modified_gmt":"2024-12-26T08:49:24","slug":"brpv3-600-type-2-surge-protection-device-for-pv-upto-600v","status":"publish","type":"product","link":"https:\/\/www.britecelectric.com\/de\/product\/brpv3-600-type-2-surge-protection-device-for-pv-upto-600v\/","title":{"rendered":"BRPV3-600 \u00dcberspannungsschutzger\u00e4t Typ 2 f\u00fcr PV bis 600 V"},"content":{"rendered":"","protected":false},"parent":0,"menu_order":63,"template":"","meta":{"_acf_changed":false},"product_category":[25],"class_list":["post-1254","product","type-product","status-publish","hentry","product_category-pv-surge-protection-type-2"],"acf":[],"_links":{"self":[{"href":"https:\/\/www.britecelectric.com\/de\/wp-json\/wp\/v2\/product\/1254","targetHints":{"allow":["GET"]}}],"collection":[{"href":"https:\/\/www.britecelectric.com\/de\/wp-json\/wp\/v2\/product"}],"about":[{"href":"https:\/\/www.britecelectric.com\/de\/wp-json\/wp\/v2\/types\/product"}],"wp:attachment":[{"href":"https:\/\/www.britecelectric.com\/de\/wp-json\/wp\/v2\/media?parent=1254"}],"wp:term":[{"taxonomy":"product_category","embeddable":true,"href":"https:\/\/www.britecelectric.com\/de\/wp-json\/wp\/v2\/product_category?post=1254"}],"curies":[{"name":"wp","href":"https:\/\/api.w.org\/{rel}","templated":true}]}}