{"id":1174,"date":"2024-09-04T22:44:53","date_gmt":"2024-09-04T14:44:53","guid":{"rendered":"https:\/\/www.britecelectric.com\/?post_type=product&#038;p=1174"},"modified":"2024-12-25T15:32:46","modified_gmt":"2024-12-25T07:32:46","slug":"br-110-11-type-2-110ka-surge-protective-device-for-tt-and-tns","status":"publish","type":"product","link":"https:\/\/www.britecelectric.com\/de\/product\/br-110-11-type-2-110ka-surge-protective-device-for-tt-and-tns\/","title":{"rendered":"BR-110 1+1 Typ 2 110kA \u00dcberspannungsschutzger\u00e4t f\u00fcr TT und TNS"},"content":{"rendered":"","protected":false},"parent":0,"menu_order":149,"template":"","meta":{"_acf_changed":false},"product_category":[22],"class_list":["post-1174","product","type-product","status-publish","hentry","product_category-type-2-surge-protective-device"],"acf":[],"_links":{"self":[{"href":"https:\/\/www.britecelectric.com\/de\/wp-json\/wp\/v2\/product\/1174","targetHints":{"allow":["GET"]}}],"collection":[{"href":"https:\/\/www.britecelectric.com\/de\/wp-json\/wp\/v2\/product"}],"about":[{"href":"https:\/\/www.britecelectric.com\/de\/wp-json\/wp\/v2\/types\/product"}],"wp:attachment":[{"href":"https:\/\/www.britecelectric.com\/de\/wp-json\/wp\/v2\/media?parent=1174"}],"wp:term":[{"taxonomy":"product_category","embeddable":true,"href":"https:\/\/www.britecelectric.com\/de\/wp-json\/wp\/v2\/product_category?post=1174"}],"curies":[{"name":"wp","href":"https:\/\/api.w.org\/{rel}","templated":true}]}}