{"id":1146,"date":"2024-09-04T22:28:42","date_gmt":"2024-09-04T14:28:42","guid":{"rendered":"https:\/\/www.britecelectric.com\/?post_type=product&#038;p=1146"},"modified":"2024-12-24T15:05:12","modified_gmt":"2024-12-24T07:05:12","slug":"br-80-2p-type-2-80ka-surge-protective-device-for-tns","status":"publish","type":"product","link":"https:\/\/www.britecelectric.com\/de\/product\/br-80-2p-type-2-80ka-surge-protective-device-for-tns\/","title":{"rendered":"BR-80 2P Typ 2 80kA \u00dcberspannungsschutzger\u00e4t f\u00fcr TNS"},"content":{"rendered":"","protected":false},"parent":0,"menu_order":140,"template":"","meta":{"_acf_changed":false},"product_category":[22],"class_list":["post-1146","product","type-product","status-publish","hentry","product_category-type-2-surge-protective-device"],"acf":[],"_links":{"self":[{"href":"https:\/\/www.britecelectric.com\/de\/wp-json\/wp\/v2\/product\/1146","targetHints":{"allow":["GET"]}}],"collection":[{"href":"https:\/\/www.britecelectric.com\/de\/wp-json\/wp\/v2\/product"}],"about":[{"href":"https:\/\/www.britecelectric.com\/de\/wp-json\/wp\/v2\/types\/product"}],"wp:attachment":[{"href":"https:\/\/www.britecelectric.com\/de\/wp-json\/wp\/v2\/media?parent=1146"}],"wp:term":[{"taxonomy":"product_category","embeddable":true,"href":"https:\/\/www.britecelectric.com\/de\/wp-json\/wp\/v2\/product_category?post=1146"}],"curies":[{"name":"wp","href":"https:\/\/api.w.org\/{rel}","templated":true}]}}